{"id":11850,"date":"2026-04-12T20:28:44","date_gmt":"2026-04-12T20:28:44","guid":{"rendered":"https:\/\/afaqeljazzera.com\/?post_type=product&#038;p=11850"},"modified":"2026-04-12T20:28:44","modified_gmt":"2026-04-12T20:28:44","slug":"hp-gt52-yellow-original-ink-bottle-m0h56ae-visit-the-hp-store","status":"publish","type":"product","link":"https:\/\/afaqeljazzera.com\/ar\/product\/hp-gt52-yellow-original-ink-bottle-m0h56ae-visit-the-hp-store\/","title":{"rendered":"Hp Gt52 Yellow Original Ink Bottle &#8211; M0H56Ae Visit the HP Store"},"content":{"rendered":"","protected":false},"excerpt":{"rendered":"<h2 class=\"a-size-base-plus a-text-bold\">\u0639\u0646 \u0627\u0644\u0645\u0646\u062a\u062c<\/h2>\n<ul class=\"a-unordered-list a-vertical a-spacing-mini\">\n<li class=\"a-spacing-mini\"><span class=\"a-list-item\">Rely on Original HP ink cartridges for outstanding prints page after page \u00e2\u20ac\u201c they&#8217;re engineered for reliable printing.<\/span><\/li>\n<li class=\"a-spacing-mini\"><span class=\"a-list-item\">Represent your business best with Original HP inks \u00e2\u20ac\u201c designed to consistently deliver standout colour.<\/span><\/li>\n<li class=\"a-spacing-mini\"><span class=\"a-list-item\">Count on a better value for frequent printing with optional Original HP high-yield individual ink cartridges<\/span><\/li>\n<li class=\"a-spacing-mini\"><span class=\"a-list-item\">Yellow<\/span><\/li>\n<li>\n<table class=\"a-normal a-spacing-micro\" role=\"list\">\n<tbody>\n<tr class=\"a-spacing-small po-model_name\" role=\"listitem\">\n<td class=\"a-span3\" role=\"presentation\"><span class=\"a-size-base a-text-bold\">\u0627\u0633\u0645 \u0627\u0644\u0637\u0631\u0627\u0632<\/span><\/td>\n<td class=\"a-span9\" role=\"presentation\"><span class=\"a-size-base po-break-word\">HP M0H56AE Nachf\u00fclltinte Passend f\u00fcr Ger\u00e4te des Herstellers: HP Gelb Tintenmenge gesamt: 70ml<\/span><\/td>\n<\/tr>\n<tr class=\"a-spacing-small po-brand\" role=\"listitem\">\n<td class=\"a-span3\" role=\"presentation\"><span class=\"a-size-base a-text-bold\">\u0645\u0627\u0631\u0643\u0629<\/span><\/td>\n<td class=\"a-span9\" role=\"presentation\"><span class=\"a-size-base po-break-word\">\u0625\u062a\u0634 \u0628\u064a<\/span><\/td>\n<\/tr>\n<tr class=\"a-spacing-small po-ink.color\" role=\"listitem\">\n<td class=\"a-span3\" role=\"presentation\"><span class=\"a-size-base a-text-bold\">Ink colour<\/span><\/td>\n<td class=\"a-span9\" role=\"presentation\"><span class=\"a-size-base po-break-word\">Yellow<\/span><\/td>\n<\/tr>\n<tr class=\"a-spacing-small po-page_yield\" role=\"listitem\">\n<td class=\"a-span3\" role=\"presentation\"><span class=\"a-size-base a-text-bold\">Page yield<\/span><\/td>\n<td class=\"a-span9\" role=\"presentation\"><span class=\"a-size-base po-break-word\">8000<\/span><\/td>\n<\/tr>\n<tr class=\"a-spacing-small po-compatible_devices\" role=\"listitem\">\n<td class=\"a-span3\" role=\"presentation\"><span class=\"a-size-base a-text-bold\">Compatible devices<\/span><\/td>\n<td class=\"a-span9\" role=\"presentation\"><span class=\"a-size-base\"><span class=\"a-truncate po-truncate-attribute\" data-a-word-break=\"normal\" data-a-truncate-name=\"po-attribute-truncate-4\" data-a-max-rows=\"3\" data-a-overflow-marker=\"&amp;hellip;\" data-a-recalculate=\"false\" data-a-updated=\"true\"><span class=\"a-truncate-full a-offscreen\">HP DeskJet GT 5800 series, HP Ink Tank 100 \/ 300 \/ 400 series, HP Smart Tank 200 \/ 300 \/ 400 \/ 500 \/ 600 \/ 700 series<\/span><span class=\"a-truncate-cut\" aria-hidden=\"true\">HP DeskJet GT 5800 series, HP Ink Tank 100 \/ 300 \/ 400 series, HP Smart Tank 200 \/ 300 \/ 400 \/ 500 \/ 600 \/ 700 series<\/span><\/span><\/span><\/td>\n<\/tr>\n<tr class=\"a-spacing-small po-special_feature\" role=\"listitem\">\n<td class=\"a-span3\" role=\"presentation\"><span class=\"a-size-base a-text-bold\">\u0645\u064a\u0632\u0627\u062a \u062e\u0627\u0635\u0629<\/span><\/td>\n<td class=\"a-span9\" role=\"presentation\"><span class=\"a-size-base po-break-word\">Yield:~8,000 pages<\/span><\/td>\n<\/tr>\n<tr class=\"a-spacing-small po-compatibility_options\" role=\"listitem\">\n<td class=\"a-span3\" role=\"presentation\"><span class=\"a-size-base a-text-bold\">Compatibility options<\/span><\/td>\n<td class=\"a-span9\" role=\"presentation\"><span class=\"a-size-base po-break-word\">OEM<\/span><\/td>\n<\/tr>\n<tr class=\"a-spacing-small po-color\" role=\"listitem\">\n<td class=\"a-span3\" role=\"presentation\"><span class=\"a-size-base a-text-bold\">\u0627\u0644\u0644\u0648\u0646<\/span><\/td>\n<td class=\"a-span9\" role=\"presentation\"><span class=\"a-size-base po-break-word\">Yellow<\/span><\/td>\n<\/tr>\n<tr class=\"a-spacing-small po-ink.base\" role=\"listitem\">\n<td class=\"a-span3\" role=\"presentation\"><span class=\"a-size-base a-text-bold\">Ink Base<\/span><\/td>\n<td class=\"a-span9\" role=\"presentation\"><span class=\"a-size-base po-break-word\">Water<\/span><\/td>\n<\/tr>\n<tr class=\"a-spacing-small po-compatible_printer_models\" role=\"listitem\">\n<td class=\"a-span3\" role=\"presentation\"><span class=\"a-size-base a-text-bold\">Compatible Printer Models<\/span><\/td>\n<td class=\"a-span9\" role=\"presentation\"><span class=\"a-size-base po-break-word\">hp_deskjet_gt_5810, hp_smart_tank_500<\/span><\/td>\n<\/tr>\n<\/tbody>\n<\/table>\n<\/li>\n<\/ul>","protected":false},"featured_media":11851,"comment_status":"open","ping_status":"closed","template":"","meta":[],"product_brand":[108],"product_cat":[147,146],"product_tag":[],"class_list":{"0":"post-11850","1":"product","2":"type-product","3":"status-publish","4":"has-post-thumbnail","6":"product_brand-hp","7":"product_cat-ink","8":"product_cat-supplies","10":"first","11":"instock","12":"shipping-taxable","13":"purchasable","14":"product-type-simple"},"_links":{"self":[{"href":"https:\/\/afaqeljazzera.com\/ar\/wp-json\/wp\/v2\/product\/11850","targetHints":{"allow":["GET"]}}],"collection":[{"href":"https:\/\/afaqeljazzera.com\/ar\/wp-json\/wp\/v2\/product"}],"about":[{"href":"https:\/\/afaqeljazzera.com\/ar\/wp-json\/wp\/v2\/types\/product"}],"replies":[{"embeddable":true,"href":"https:\/\/afaqeljazzera.com\/ar\/wp-json\/wp\/v2\/comments?post=11850"}],"version-history":[{"count":1,"href":"https:\/\/afaqeljazzera.com\/ar\/wp-json\/wp\/v2\/product\/11850\/revisions"}],"predecessor-version":[{"id":11857,"href":"https:\/\/afaqeljazzera.com\/ar\/wp-json\/wp\/v2\/product\/11850\/revisions\/11857"}],"wp:featuredmedia":[{"embeddable":true,"href":"https:\/\/afaqeljazzera.com\/ar\/wp-json\/wp\/v2\/media\/11851"}],"wp:attachment":[{"href":"https:\/\/afaqeljazzera.com\/ar\/wp-json\/wp\/v2\/media?parent=11850"}],"wp:term":[{"taxonomy":"product_brand","embeddable":true,"href":"https:\/\/afaqeljazzera.com\/ar\/wp-json\/wp\/v2\/product_brand?post=11850"},{"taxonomy":"product_cat","embeddable":true,"href":"https:\/\/afaqeljazzera.com\/ar\/wp-json\/wp\/v2\/product_cat?post=11850"},{"taxonomy":"product_tag","embeddable":true,"href":"https:\/\/afaqeljazzera.com\/ar\/wp-json\/wp\/v2\/product_tag?post=11850"}],"curies":[{"name":"wp","href":"https:\/\/api.w.org\/{rel}","templated":true}]}}